{"id":23625,"date":"2023-10-21T18:35:13","date_gmt":"2023-10-21T18:35:13","guid":{"rendered":"https:\/\/exclusivehomesmadeira.info\/imt-steuerrechner\/"},"modified":"2023-10-22T20:34:27","modified_gmt":"2023-10-22T20:34:27","slug":"imt-steuerrechner","status":"publish","type":"page","link":"https:\/\/exclusivehomesmadeira.info\/de\/imt-steuerrechner\/","title":{"rendered":"IMT-Steuerrechner"},"content":{"rendered":"\t\t<div data-elementor-type=\"wp-page\" data-elementor-id=\"23625\" class=\"elementor elementor-23625 elementor-19311\" data-elementor-post-type=\"page\">\n\t\t\t\t\t\t<section class=\"elementor-section elementor-top-section elementor-element elementor-element-f72d731 elementor-section-boxed elementor-section-height-default elementor-section-height-default\" data-id=\"f72d731\" data-element_type=\"section\">\n\t\t\t\t\t\t<div class=\"elementor-container elementor-column-gap-default\">\n\t\t\t\t\t<div class=\"elementor-column elementor-col-100 elementor-top-column elementor-element elementor-element-b8d5396\" data-id=\"b8d5396\" data-element_type=\"column\">\n\t\t\t<div class=\"elementor-widget-wrap elementor-element-populated\">\n\t\t\t\t\t\t<div class=\"elementor-element elementor-element-67ecfbd elementor-widget elementor-widget-text-editor\" data-id=\"67ecfbd\" data-element_type=\"widget\" data-widget_type=\"text-editor.default\">\n\t\t\t\t<div class=\"elementor-widget-container\">\n\t\t\t\t\t\t\t\t\t<p style=\"text-align: justify;\">Die Berechnung der Grunderwerbssteuer \u2013 IMT (Imposto Municipal sobre Transamissoes) kann ein komplexer und verwirrender Prozess sein. Aus diesem Grund haben wir einen IMT-Steuerrechner erstellt, der Ihnen die Arbeit erleichtert. Unser Rechner wurde entwickelt, um eine Sch\u00e4tzung der IMT-Steuer zu liefern, die Sie beim Kauf einer Immobilie auf Madeira, Portugal, erwarten k\u00f6nnen.<\/p>\n\t\t\t\t\t\t\t\t<\/div>\n\t\t\t\t<\/div>\n\t\t\t\t<section class=\"elementor-section elementor-inner-section elementor-element elementor-element-b341769 elementor-section-boxed elementor-section-height-default elementor-section-height-default\" data-id=\"b341769\" data-element_type=\"section\" data-settings=\"{&quot;background_background&quot;:&quot;classic&quot;}\">\n\t\t\t\t\t\t<div class=\"elementor-container elementor-column-gap-default\">\n\t\t\t\t\t<div class=\"elementor-column elementor-col-100 elementor-inner-column elementor-element elementor-element-a2d4959\" data-id=\"a2d4959\" data-element_type=\"column\">\n\t\t\t<div class=\"elementor-widget-wrap elementor-element-populated\">\n\t\t\t\t\t\t<div class=\"elementor-element elementor-element-4e17a39 elementor-widget elementor-widget-text-editor\" data-id=\"4e17a39\" data-element_type=\"widget\" data-widget_type=\"text-editor.default\">\n\t\t\t\t<div class=\"elementor-widget-container\">\n\t\t\t\t\t\t\t\t\t<p>[forminator_form id=&#8221;26975&#8243;]<\/p>\t\t\t\t\t\t\t\t<\/div>\n\t\t\t\t<\/div>\n\t\t\t\t<div class=\"elementor-element elementor-element-fa5085e elementor-widget elementor-widget-heading\" data-id=\"fa5085e\" data-element_type=\"widget\" data-widget_type=\"heading.default\">\n\t\t\t\t<div class=\"elementor-widget-container\">\n\t\t\t\t\t<p class=\"elementor-heading-title elementor-size-default\">Tabelle mit Preisspanne der Immobilie und jeweils angewendetem Steuersatz:<\/p>\t\t\t\t<\/div>\n\t\t\t\t<\/div>\n\t\t\t\t<div class=\"elementor-element elementor-element-ec10425 elementor-widget elementor-widget-image\" data-id=\"ec10425\" data-element_type=\"widget\" data-widget_type=\"image.default\">\n\t\t\t\t<div class=\"elementor-widget-container\">\n\t\t\t\t\t\t\t\t\t\t\t\t\t\t\t<img fetchpriority=\"high\" decoding=\"async\" width=\"722\" height=\"244\" src=\"https:\/\/exclusivehomesmadeira.info\/wp-content\/uploads\/2023\/08\/Screenshot-2023-08-15-204905.png\" class=\"attachment-2048x2048 size-2048x2048 wp-image-21297\" alt=\"\" srcset=\"https:\/\/exclusivehomesmadeira.info\/wp-content\/uploads\/2023\/08\/Screenshot-2023-08-15-204905.png 722w, https:\/\/exclusivehomesmadeira.info\/wp-content\/uploads\/2023\/08\/Screenshot-2023-08-15-204905-300x101.png 300w\" sizes=\"(max-width: 722px) 100vw, 722px\" \/>\t\t\t\t\t\t\t\t\t\t\t\t\t\t\t<\/div>\n\t\t\t\t<\/div>\n\t\t\t\t<div class=\"elementor-element elementor-element-473a31e elementor-widget elementor-widget-heading\" data-id=\"473a31e\" data-element_type=\"widget\" data-widget_type=\"heading.default\">\n\t\t\t\t<div class=\"elementor-widget-container\">\n\t\t\t\t\t<p class=\"elementor-heading-title elementor-size-default\">Formel zur Berechnung dieser IMT-Steuer: (\u20ac x 0,01%) - 0,00\u20ac = 0,00\u20ac<\/p>\t\t\t\t<\/div>\n\t\t\t\t<\/div>\n\t\t\t\t<div class=\"elementor-element elementor-element-33f898b elementor-widget elementor-widget-text-editor\" data-id=\"33f898b\" data-element_type=\"widget\" data-widget_type=\"text-editor.default\">\n\t\t\t\t<div class=\"elementor-widget-container\">\n\t\t\t\t\t\t\t\t\t<p style=\"text-align: justify;\">Bitte beachten Sie, dass dieser Rechner nur zu Informationszwecken zur Verf\u00fcgung gestellt wird und nicht als Ersatz f\u00fcr eine professionelle Rechts- oder Finanzberatung angesehen werden sollte. Die genaue H\u00f6he der IMT-Steuer, die Sie zahlen m\u00fcssen, kann von mehreren Faktoren abh\u00e4ngen, einschlie\u00dflich der spezifischen Immobilie, die gekauft wird, und der Verkaufsbedingungen. Wenden Sie sich immer an einen qualifizierten Immobilienmakler oder Anwalt, um genauere Informationen \u00fcber die Steuern und Geb\u00fchren zu erhalten, die mit dem Kauf eines Hauses auf Madeira, Portugal, verbunden sind.<\/p>\n\t\t\t\t\t\t\t\t<\/div>\n\t\t\t\t<\/div>\n\t\t\t\t\t<\/div>\n\t\t<\/div>\n\t\t\t\t\t<\/div>\n\t\t<\/section>\n\t\t\t\t\t<\/div>\n\t\t<\/div>\n\t\t\t\t\t<\/div>\n\t\t<\/section>\n\t\t\t\t<\/div>\n\t\t","protected":false},"excerpt":{"rendered":"<p>Die Berechnung der Grunderwerbssteuer \u2013 IMT (Imposto Municipal sobre Transamissoes) kann ein komplexer und verwirrender Prozess sein. Aus diesem Grund haben wir einen IMT-Steuerrechner erstellt, der Ihnen die Arbeit erleichtert. Unser Rechner wurde entwickelt, um eine Sch\u00e4tzung der IMT-Steuer zu liefern, die Sie beim Kauf einer Immobilie auf Madeira, Portugal, erwarten k\u00f6nnen. [forminator_form id=&#8221;26975&#8243;] Tabelle mit Preisspanne der Immobilie und jeweils angewendetem Steuersatz: Formel &#8230;<\/p>\n","protected":false},"author":1,"featured_media":0,"parent":0,"menu_order":0,"comment_status":"closed","ping_status":"closed","template":"","meta":{"_uf_show_specific_survey":0,"_uf_disable_surveys":false,"footnotes":""},"class_list":["post-23625","page","type-page","status-publish","hentry"],"_links":{"self":[{"href":"https:\/\/exclusivehomesmadeira.info\/de\/wp-json\/wp\/v2\/pages\/23625","targetHints":{"allow":["GET"]}}],"collection":[{"href":"https:\/\/exclusivehomesmadeira.info\/de\/wp-json\/wp\/v2\/pages"}],"about":[{"href":"https:\/\/exclusivehomesmadeira.info\/de\/wp-json\/wp\/v2\/types\/page"}],"author":[{"embeddable":true,"href":"https:\/\/exclusivehomesmadeira.info\/de\/wp-json\/wp\/v2\/users\/1"}],"replies":[{"embeddable":true,"href":"https:\/\/exclusivehomesmadeira.info\/de\/wp-json\/wp\/v2\/comments?post=23625"}],"version-history":[{"count":0,"href":"https:\/\/exclusivehomesmadeira.info\/de\/wp-json\/wp\/v2\/pages\/23625\/revisions"}],"wp:attachment":[{"href":"https:\/\/exclusivehomesmadeira.info\/de\/wp-json\/wp\/v2\/media?parent=23625"}],"curies":[{"name":"wp","href":"https:\/\/api.w.org\/{rel}","templated":true}]}}