{"id":24966,"date":"2023-10-21T18:44:06","date_gmt":"2023-10-21T18:44:06","guid":{"rendered":"https:\/\/exclusivehomesmadeira.info\/agentenliste-seitenleiste-links\/"},"modified":"2023-10-21T18:44:06","modified_gmt":"2023-10-21T18:44:06","slug":"agentenliste-seitenleiste-links","status":"publish","type":"page","link":"https:\/\/exclusivehomesmadeira.info\/de\/agentenliste-seitenleiste-links\/","title":{"rendered":"Agentenliste &#8211; Seitenleiste links"},"content":{"rendered":"<p>Wir sehen uns gerne als kleine, aber feine Vermietungs- und Managementagentur. Wenn Sie arbeiten, erhalten Sie die Pr\u00e4senz, das Wissen und die Expertise, die Sie von einem gro\u00dfen Makler erwarten w\u00fcrden, aber der Service, den Sie nur von einem kleineren Unternehmen erhalten, basiert auf 100% Kunden- und Mieterorientierung.<\/p>\n<p>Egal, ob Sie eine Immobilie zum Verkauf in der Gegend von New York oder eine Immobilie zur Miete suchen, WP Residence macht die Suche einfach. Nutzen Sie unsere einzigartige Geolocation-Mapping-Funktion, um Ihre ideale Villa, Ihr Stadthaus oder Ihre Wohnung zu finden und die Eigent\u00fcmer direkt zu kontaktieren. Wir helfen Ihnen, Ihr Traumhaus in nur wenigen Sekunden zu finden.<\/p>\n","protected":false},"excerpt":{"rendered":"<p>Wir sehen uns gerne als kleine, aber feine Vermietungs- und Managementagentur. Wenn Sie arbeiten, erhalten Sie die Pr\u00e4senz, das Wissen und die Expertise, die Sie von einem gro\u00dfen Makler erwarten w\u00fcrden, aber der Service, den Sie nur von einem kleineren Unternehmen erhalten, basiert auf 100% Kunden- und Mieterorientierung. Egal, ob Sie eine Immobilie zum Verkauf in der Gegend von New York oder eine Immobilie &#8230;<\/p>\n","protected":false},"author":1,"featured_media":0,"parent":0,"menu_order":0,"comment_status":"open","ping_status":"open","template":"agents_list.php","meta":{"_uf_show_specific_survey":0,"_uf_disable_surveys":false,"footnotes":""},"class_list":["post-24966","page","type-page","status-publish","hentry"],"_links":{"self":[{"href":"https:\/\/exclusivehomesmadeira.info\/de\/wp-json\/wp\/v2\/pages\/24966","targetHints":{"allow":["GET"]}}],"collection":[{"href":"https:\/\/exclusivehomesmadeira.info\/de\/wp-json\/wp\/v2\/pages"}],"about":[{"href":"https:\/\/exclusivehomesmadeira.info\/de\/wp-json\/wp\/v2\/types\/page"}],"author":[{"embeddable":true,"href":"https:\/\/exclusivehomesmadeira.info\/de\/wp-json\/wp\/v2\/users\/1"}],"replies":[{"embeddable":true,"href":"https:\/\/exclusivehomesmadeira.info\/de\/wp-json\/wp\/v2\/comments?post=24966"}],"version-history":[{"count":0,"href":"https:\/\/exclusivehomesmadeira.info\/de\/wp-json\/wp\/v2\/pages\/24966\/revisions"}],"wp:attachment":[{"href":"https:\/\/exclusivehomesmadeira.info\/de\/wp-json\/wp\/v2\/media?parent=24966"}],"curies":[{"name":"wp","href":"https:\/\/api.w.org\/{rel}","templated":true}]}}